{"id":3948,"date":"2024-12-18T14:24:22","date_gmt":"2024-12-18T17:24:22","guid":{"rendered":"https:\/\/admissoessemlimites.site\/?page_id=3948"},"modified":"2025-03-12T17:09:01","modified_gmt":"2025-03-12T20:09:01","slug":"cantinho-do-pastor","status":"publish","type":"page","link":"https:\/\/admissoessemlimites.site\/index.php\/cantinho-do-pastor\/","title":{"rendered":"Cantinho do pastor"},"content":{"rendered":"\t\t<div data-elementor-type=\"wp-page\" data-elementor-id=\"3948\" class=\"elementor elementor-3948\" data-elementor-post-type=\"page\">\n\t\t\t\t<div class=\"elementor-element elementor-element-2897330 e-flex e-con-boxed wpr-particle-no wpr-jarallax-no wpr-parallax-no wpr-sticky-section-no e-con e-parent\" data-id=\"2897330\" data-element_type=\"container\" data-settings=\"{&quot;background_background&quot;:&quot;classic&quot;,&quot;jet_parallax_layout_list&quot;:[]}\">\n\t\t\t\t\t<div class=\"e-con-inner\">\n\t\t\t\t<div class=\"elementor-element elementor-element-8607b23 elementor-widget elementor-widget-heading\" data-id=\"8607b23\" data-element_type=\"widget\" data-widget_type=\"heading.default\">\n\t\t\t\t<div class=\"elementor-widget-container\">\n\t\t\t<h2 class=\"elementor-heading-title elementor-size-default\">Eita Gl\u00f3ria!<\/h2>\t\t<\/div>\n\t\t\t\t<\/div>\n\t\t\t\t<div class=\"elementor-element elementor-element-119d937 elementor-widget elementor-widget-heading\" data-id=\"119d937\" data-element_type=\"widget\" data-widget_type=\"heading.default\">\n\t\t\t\t<div class=\"elementor-widget-container\">\n\t\t\t<h2 class=\"elementor-heading-title elementor-size-default\">Cantinho do Pastor<\/h2>\t\t<\/div>\n\t\t\t\t<\/div>\n\t\t\t\t<div class=\"elementor-element elementor-element-605c1de elementor-widget elementor-widget-text-editor\" data-id=\"605c1de\" data-element_type=\"widget\" data-widget_type=\"text-editor.default\">\n\t\t\t\t<div class=\"elementor-widget-container\">\n\t\t\t\t\t\t\t<p class=\"body\" dir=\"auto\">Nesta se\u00e7\u00e3o especial, o Pastor Fausto Sanches compartilha palavras inspiradoras de edifica\u00e7\u00e3o e crescimento espiritual.<\/p><p class=\"body\" dir=\"auto\">Aqui, voc\u00ea encontrar\u00e1 mensagens repletas de sabedoria b\u00edblica, reflex\u00f5es profundas e conselhos pr\u00e1ticos para fortalecer sua caminhada com Cristo.<\/p><p class=\"body\" dir=\"auto\">Permita que essas palavras toquem seu cora\u00e7\u00e3o e renovem sua f\u00e9, ajudando-o a viver plenamente os prop\u00f3sitos de Deus em sua vida.<\/p>\t\t\t\t\t\t<\/div>\n\t\t\t\t<\/div>\n\t\t\t\t\t<\/div>\n\t\t\t\t<\/div>\n\t\t<div class=\"elementor-element elementor-element-87ecd30 e-flex e-con-boxed wpr-particle-no wpr-jarallax-no wpr-parallax-no wpr-sticky-section-no e-con e-parent\" data-id=\"87ecd30\" data-element_type=\"container\" data-settings=\"{&quot;background_background&quot;:&quot;classic&quot;,&quot;jet_parallax_layout_list&quot;:[]}\">\n\t\t\t\t\t<div class=\"e-con-inner\">\n\t\t<div class=\"elementor-element elementor-element-cae22bb e-con-full e-flex wpr-particle-no wpr-jarallax-no wpr-parallax-no wpr-sticky-section-no e-con e-child\" data-id=\"cae22bb\" data-element_type=\"container\" data-settings=\"{&quot;jet_parallax_layout_list&quot;:[]}\">\n\t\t\t\t<div class=\"elementor-element elementor-element-d1c1d56 elementor-widget elementor-widget-video\" data-id=\"d1c1d56\" data-element_type=\"widget\" data-settings=\"{&quot;video_type&quot;:&quot;hosted&quot;,&quot;controls&quot;:&quot;yes&quot;}\" data-widget_type=\"video.default\">\n\t\t\t\t<div class=\"elementor-widget-container\">\n\t\t\t\t\t<div class=\"e-hosted-video elementor-wrapper elementor-open-inline\">\n\t\t\t\t\t<video class=\"elementor-video\" src=\"https:\/\/admissoessemlimites.site\/wp-content\/uploads\/2025\/03\/WhatsApp-Video-2025-03-11-at-13.38.04.mp4\" controls=\"\" preload=\"metadata\" controlsList=\"nodownload\"><\/video>\n\t\t\t\t<\/div>\n\t\t\t\t<\/div>\n\t\t\t\t<\/div>\n\t\t\t\t<\/div>\n\t\t<div class=\"elementor-element elementor-element-65ed2cc e-con-full e-flex wpr-particle-no wpr-jarallax-no wpr-parallax-no wpr-sticky-section-no e-con e-child\" data-id=\"65ed2cc\" data-element_type=\"container\" data-settings=\"{&quot;jet_parallax_layout_list&quot;:[]}\">\n\t\t\t\t<div class=\"elementor-element elementor-element-ca2c91f elementor-widget elementor-widget-video\" data-id=\"ca2c91f\" data-element_type=\"widget\" data-settings=\"{&quot;video_type&quot;:&quot;hosted&quot;,&quot;controls&quot;:&quot;yes&quot;}\" data-widget_type=\"video.default\">\n\t\t\t\t<div class=\"elementor-widget-container\">\n\t\t\t\t\t<div class=\"e-hosted-video elementor-wrapper elementor-open-inline\">\n\t\t\t\t\t<video class=\"elementor-video\" src=\"https:\/\/admissoessemlimites.site\/wp-content\/uploads\/2025\/03\/WhatsApp-Video-2025-03-12-at-10.55.56.mp4\" controls=\"\" preload=\"metadata\" controlsList=\"nodownload\"><\/video>\n\t\t\t\t<\/div>\n\t\t\t\t<\/div>\n\t\t\t\t<\/div>\n\t\t\t\t<\/div>\n\t\t\t\t\t<\/div>\n\t\t\t\t<\/div>\n\t\t<div class=\"elementor-element elementor-element-10814e5 e-flex e-con-boxed wpr-particle-no wpr-jarallax-no wpr-parallax-no wpr-sticky-section-no e-con e-parent\" data-id=\"10814e5\" data-element_type=\"container\" data-settings=\"{&quot;background_background&quot;:&quot;classic&quot;,&quot;jet_parallax_layout_list&quot;:[]}\">\n\t\t\t\t\t<div class=\"e-con-inner\">\n\t\t<div class=\"elementor-element elementor-element-dffb438 e-con-full e-flex wpr-particle-no wpr-jarallax-no wpr-parallax-no wpr-sticky-section-no e-con e-child\" data-id=\"dffb438\" data-element_type=\"container\" data-settings=\"{&quot;jet_parallax_layout_list&quot;:[]}\">\n\t\t\t\t<div class=\"elementor-element elementor-element-4c30b50 elementor-widget elementor-widget-video\" data-id=\"4c30b50\" data-element_type=\"widget\" data-settings=\"{&quot;video_type&quot;:&quot;hosted&quot;,&quot;controls&quot;:&quot;yes&quot;}\" data-widget_type=\"video.default\">\n\t\t\t\t<div class=\"elementor-widget-container\">\n\t\t\t\t\t<div class=\"e-hosted-video elementor-wrapper elementor-open-inline\">\n\t\t\t\t\t<video class=\"elementor-video\" src=\"https:\/\/admissoessemlimites.site\/wp-content\/uploads\/2025\/02\/WhatsApp-Video-2025-02-13-at-09.56.56.mp4\" controls=\"\" preload=\"metadata\" controlsList=\"nodownload\"><\/video>\n\t\t\t\t<\/div>\n\t\t\t\t<\/div>\n\t\t\t\t<\/div>\n\t\t\t\t<\/div>\n\t\t<div class=\"elementor-element elementor-element-54d48f8 e-con-full e-flex wpr-particle-no wpr-jarallax-no wpr-parallax-no wpr-sticky-section-no e-con e-child\" data-id=\"54d48f8\" data-element_type=\"container\" data-settings=\"{&quot;jet_parallax_layout_list&quot;:[]}\">\n\t\t\t\t<div class=\"elementor-element elementor-element-b097735 elementor-widget elementor-widget-video\" data-id=\"b097735\" data-element_type=\"widget\" data-settings=\"{&quot;video_type&quot;:&quot;hosted&quot;,&quot;controls&quot;:&quot;yes&quot;}\" data-widget_type=\"video.default\">\n\t\t\t\t<div class=\"elementor-widget-container\">\n\t\t\t\t\t<div class=\"e-hosted-video elementor-wrapper elementor-open-inline\">\n\t\t\t\t\t<video class=\"elementor-video\" src=\"https:\/\/admissoessemlimites.site\/wp-content\/uploads\/2024\/12\/WhatsApp-Video-2024-12-18-at-11.55.42.mp4\" controls=\"\" preload=\"metadata\" controlsList=\"nodownload\"><\/video>\n\t\t\t\t<\/div>\n\t\t\t\t<\/div>\n\t\t\t\t<\/div>\n\t\t\t\t<\/div>\n\t\t\t\t\t<\/div>\n\t\t\t\t<\/div>\n\t\t<div class=\"elementor-element elementor-element-ee67bb2 e-flex e-con-boxed wpr-particle-no wpr-jarallax-no wpr-parallax-no wpr-sticky-section-no e-con e-parent\" data-id=\"ee67bb2\" data-element_type=\"container\" data-settings=\"{&quot;background_background&quot;:&quot;classic&quot;,&quot;jet_parallax_layout_list&quot;:[]}\">\n\t\t\t\t\t<div class=\"e-con-inner\">\n\t\t<div class=\"elementor-element elementor-element-6ec79aa e-con-full e-flex wpr-particle-no wpr-jarallax-no wpr-parallax-no wpr-sticky-section-no e-con e-child\" data-id=\"6ec79aa\" data-element_type=\"container\" data-settings=\"{&quot;jet_parallax_layout_list&quot;:[]}\">\n\t\t\t\t<div class=\"elementor-element elementor-element-91c2fc3 elementor-widget elementor-widget-video\" data-id=\"91c2fc3\" data-element_type=\"widget\" data-settings=\"{&quot;video_type&quot;:&quot;hosted&quot;,&quot;controls&quot;:&quot;yes&quot;}\" data-widget_type=\"video.default\">\n\t\t\t\t<div class=\"elementor-widget-container\">\n\t\t\t\t\t<div class=\"e-hosted-video elementor-wrapper elementor-open-inline\">\n\t\t\t\t\t<video class=\"elementor-video\" src=\"https:\/\/admissoessemlimites.site\/wp-content\/uploads\/2024\/12\/WhatsApp-Video-2024-12-03-at-09.55.09.mp4\" controls=\"\" preload=\"metadata\" controlsList=\"nodownload\"><\/video>\n\t\t\t\t<\/div>\n\t\t\t\t<\/div>\n\t\t\t\t<\/div>\n\t\t\t\t<\/div>\n\t\t<div class=\"elementor-element elementor-element-4971357 e-con-full e-flex wpr-particle-no wpr-jarallax-no wpr-parallax-no wpr-sticky-section-no e-con e-child\" data-id=\"4971357\" data-element_type=\"container\" data-settings=\"{&quot;jet_parallax_layout_list&quot;:[]}\">\n\t\t\t\t<\/div>\n\t\t\t\t\t<\/div>\n\t\t\t\t<\/div>\n\t\t\t\t<\/div>\n\t\t","protected":false},"excerpt":{"rendered":"<p>Eita Gl\u00f3ria! Cantinho do Pastor Nesta se\u00e7\u00e3o especial, o Pastor Fausto Sanches compartilha palavras inspiradoras de edifica\u00e7\u00e3o e crescimento espiritual. Aqui, voc\u00ea encontrar\u00e1 mensagens repletas de sabedoria b\u00edblica, reflex\u00f5es profundas e conselhos pr\u00e1ticos para fortalecer sua caminhada com Cristo. Permita que essas palavras toquem seu cora\u00e7\u00e3o e renovem sua f\u00e9, ajudando-o a viver plenamente os prop\u00f3sitos de Deus em sua vida. https:\/\/admissoessemlimites.site\/wp-content\/uploads\/2025\/03\/WhatsApp-Video-2025-03-11-at-13.38.04.mp4https:\/\/admissoessemlimites.site\/wp-content\/uploads\/2025\/03\/WhatsApp-Video-2025-03-12-at-10.55.56.mp4https:\/\/admissoessemlimites.site\/wp-content\/uploads\/2025\/02\/WhatsApp-Video-2025-02-13-at-09.56.56.mp4https:\/\/admissoessemlimites.site\/wp-content\/uploads\/2024\/12\/WhatsApp-Video-2024-12-18-at-11.55.42.mp4https:\/\/admissoessemlimites.site\/wp-content\/uploads\/2024\/12\/WhatsApp-Video-2024-12-03-at-09.55.09.mp4<\/p>\n","protected":false},"author":1,"featured_media":0,"parent":0,"menu_order":0,"comment_status":"closed","ping_status":"closed","template":"elementor_header_footer","meta":{"footnotes":""},"class_list":["post-3948","page","type-page","status-publish","hentry"],"_links":{"self":[{"href":"https:\/\/admissoessemlimites.site\/index.php\/wp-json\/wp\/v2\/pages\/3948"}],"collection":[{"href":"https:\/\/admissoessemlimites.site\/index.php\/wp-json\/wp\/v2\/pages"}],"about":[{"href":"https:\/\/admissoessemlimites.site\/index.php\/wp-json\/wp\/v2\/types\/page"}],"author":[{"embeddable":true,"href":"https:\/\/admissoessemlimites.site\/index.php\/wp-json\/wp\/v2\/users\/1"}],"replies":[{"embeddable":true,"href":"https:\/\/admissoessemlimites.site\/index.php\/wp-json\/wp\/v2\/comments?post=3948"}],"version-history":[{"count":13,"href":"https:\/\/admissoessemlimites.site\/index.php\/wp-json\/wp\/v2\/pages\/3948\/revisions"}],"predecessor-version":[{"id":5734,"href":"https:\/\/admissoessemlimites.site\/index.php\/wp-json\/wp\/v2\/pages\/3948\/revisions\/5734"}],"wp:attachment":[{"href":"https:\/\/admissoessemlimites.site\/index.php\/wp-json\/wp\/v2\/media?parent=3948"}],"curies":[{"name":"wp","href":"https:\/\/api.w.org\/{rel}","templated":true}]}}