{"id":212,"date":"2024-02-13T21:58:19","date_gmt":"2024-02-14T00:58:19","guid":{"rendered":"https:\/\/admissoessemlimites.site\/?page_id=212"},"modified":"2024-12-08T12:52:57","modified_gmt":"2024-12-08T15:52:57","slug":"contato","status":"publish","type":"page","link":"https:\/\/admissoessemlimites.site\/index.php\/contato\/","title":{"rendered":"Contato"},"content":{"rendered":"\t\t<div data-elementor-type=\"wp-page\" data-elementor-id=\"212\" class=\"elementor elementor-212\" data-elementor-post-type=\"page\">\n\t\t\t\t<div class=\"elementor-element elementor-element-2897330 e-flex e-con-boxed wpr-particle-no wpr-jarallax-no wpr-parallax-no wpr-sticky-section-no e-con e-parent\" data-id=\"2897330\" data-element_type=\"container\" data-settings=\"{&quot;background_background&quot;:&quot;classic&quot;,&quot;jet_parallax_layout_list&quot;:[]}\">\n\t\t\t\t\t<div class=\"e-con-inner\">\n\t\t\t\t<div class=\"elementor-element elementor-element-8607b23 elementor-widget elementor-widget-heading\" data-id=\"8607b23\" data-element_type=\"widget\" data-widget_type=\"heading.default\">\n\t\t\t\t<div class=\"elementor-widget-container\">\n\t\t\t<h2 class=\"elementor-heading-title elementor-size-default\">Venha para Ad voc\u00ea tamb\u00e9m!<\/h2>\t\t<\/div>\n\t\t\t\t<\/div>\n\t\t\t\t<div class=\"elementor-element elementor-element-119d937 elementor-widget elementor-widget-heading\" data-id=\"119d937\" data-element_type=\"widget\" data-widget_type=\"heading.default\">\n\t\t\t\t<div class=\"elementor-widget-container\">\n\t\t\t<h2 class=\"elementor-heading-title elementor-size-default\">Voc\u00ea \u00e9 nosso convidado especial!<\/h2>\t\t<\/div>\n\t\t\t\t<\/div>\n\t\t\t\t<div class=\"elementor-element elementor-element-605c1de elementor-widget elementor-widget-text-editor\" data-id=\"605c1de\" data-element_type=\"widget\" data-widget_type=\"text-editor.default\">\n\t\t\t\t<div class=\"elementor-widget-container\">\n\t\t\t\t\t\t\t<p class=\"body\" dir=\"auto\"><span style=\"vertical-align: inherit;\"><span style=\"vertical-align: inherit;\">Estamos aqui para apoi\u00e1-lo em sua jornada de f\u00e9. <\/span><\/span><br \/><span style=\"vertical-align: inherit;\"><span style=\"vertical-align: inherit;\">N\u00e3o hesite em nos contatar para qualquer d\u00favida, ora\u00e7\u00e3o ou para saber mais sobre nossa igreja.<\/span><\/span><\/p>\t\t\t\t\t\t<\/div>\n\t\t\t\t<\/div>\n\t\t\t\t<div class=\"elementor-element elementor-element-669c716 elementor-widget elementor-widget-google_maps\" data-id=\"669c716\" data-element_type=\"widget\" data-widget_type=\"google_maps.default\">\n\t\t\t\t<div class=\"elementor-widget-container\">\n\t\t\t\t\t<div class=\"elementor-custom-embed\">\n\t\t\t<iframe loading=\"lazy\"\n\t\t\t\t\tsrc=\"https:\/\/maps.google.com\/maps?q=heitor%20azevedo%20hummel%2C%2083&#038;t=m&#038;z=16&#038;output=embed&#038;iwloc=near\"\n\t\t\t\t\ttitle=\"heitor azevedo hummel, 83\"\n\t\t\t\t\taria-label=\"heitor azevedo hummel, 83\"\n\t\t\t><\/iframe>\n\t\t<\/div>\n\t\t\t\t<\/div>\n\t\t\t\t<\/div>\n\t\t\t\t\t<\/div>\n\t\t\t\t<\/div>\n\t\t\t\t<\/div>\n\t\t","protected":false},"excerpt":{"rendered":"<p>Venha para Ad voc\u00ea tamb\u00e9m! Voc\u00ea \u00e9 nosso convidado especial! Estamos aqui para apoi\u00e1-lo em sua jornada de f\u00e9. N\u00e3o hesite em nos contatar para qualquer d\u00favida, ora\u00e7\u00e3o ou para saber mais sobre nossa igreja.<\/p>\n","protected":false},"author":1,"featured_media":0,"parent":0,"menu_order":0,"comment_status":"closed","ping_status":"closed","template":"elementor_header_footer","meta":{"footnotes":""},"class_list":["post-212","page","type-page","status-publish","hentry"],"_links":{"self":[{"href":"https:\/\/admissoessemlimites.site\/index.php\/wp-json\/wp\/v2\/pages\/212"}],"collection":[{"href":"https:\/\/admissoessemlimites.site\/index.php\/wp-json\/wp\/v2\/pages"}],"about":[{"href":"https:\/\/admissoessemlimites.site\/index.php\/wp-json\/wp\/v2\/types\/page"}],"author":[{"embeddable":true,"href":"https:\/\/admissoessemlimites.site\/index.php\/wp-json\/wp\/v2\/users\/1"}],"replies":[{"embeddable":true,"href":"https:\/\/admissoessemlimites.site\/index.php\/wp-json\/wp\/v2\/comments?post=212"}],"version-history":[{"count":125,"href":"https:\/\/admissoessemlimites.site\/index.php\/wp-json\/wp\/v2\/pages\/212\/revisions"}],"predecessor-version":[{"id":3689,"href":"https:\/\/admissoessemlimites.site\/index.php\/wp-json\/wp\/v2\/pages\/212\/revisions\/3689"}],"wp:attachment":[{"href":"https:\/\/admissoessemlimites.site\/index.php\/wp-json\/wp\/v2\/media?parent=212"}],"curies":[{"name":"wp","href":"https:\/\/api.w.org\/{rel}","templated":true}]}}