{"id":185,"date":"2024-02-13T21:45:55","date_gmt":"2024-02-14T00:45:55","guid":{"rendered":"https:\/\/admissoessemlimites.site\/?page_id=185"},"modified":"2025-03-23T16:20:51","modified_gmt":"2025-03-23T19:20:51","slug":"quemsomos","status":"publish","type":"page","link":"https:\/\/admissoessemlimites.site\/index.php\/quemsomos\/","title":{"rendered":"Quem Somos"},"content":{"rendered":"\t\t<div data-elementor-type=\"wp-page\" data-elementor-id=\"185\" class=\"elementor elementor-185\" data-elementor-post-type=\"page\">\n\t\t\t\t<div class=\"elementor-element elementor-element-cd1b71e e-flex e-con-boxed wpr-particle-no wpr-jarallax-no wpr-parallax-no wpr-sticky-section-no e-con e-parent\" data-id=\"cd1b71e\" data-element_type=\"container\" data-settings=\"{&quot;background_background&quot;:&quot;classic&quot;,&quot;jet_parallax_layout_list&quot;:[]}\">\n\t\t\t\t\t<div class=\"e-con-inner\">\n\t\t\t\t<div class=\"elementor-element elementor-element-f52831c elementor-widget elementor-widget-heading\" data-id=\"f52831c\" data-element_type=\"widget\" data-widget_type=\"heading.default\">\n\t\t\t\t<div class=\"elementor-widget-container\">\n\t\t\t<h2 class=\"elementor-heading-title elementor-size-default\">Sobre n\u00f3s<\/h2>\t\t<\/div>\n\t\t\t\t<\/div>\n\t\t\t\t<div class=\"elementor-element elementor-element-26a2a63 elementor-widget elementor-widget-heading\" data-id=\"26a2a63\" data-element_type=\"widget\" data-widget_type=\"heading.default\">\n\t\t\t\t<div class=\"elementor-widget-container\">\n\t\t\t<h2 class=\"elementor-heading-title elementor-size-default\">Nossa Jornada de F\u00e9<\/h2>\t\t<\/div>\n\t\t\t\t<\/div>\n\t\t\t\t<div class=\"elementor-element elementor-element-e8601a7 elementor-widget elementor-widget-text-editor\" data-id=\"e8601a7\" data-element_type=\"widget\" data-widget_type=\"text-editor.default\">\n\t\t\t\t<div class=\"elementor-widget-container\">\n\t\t\t\t\t\t\t<p class=\"body\" dir=\"auto\"><span style=\"vertical-align: inherit;\"><span style=\"vertical-align: inherit;\">Desde janeiro\/2024, a AD Miss\u00f5es Sem Limites tem sido um farol de luz e esperan\u00e7a para a comunidade de Sorocaba.<\/span><\/span><\/p><p class=\"body\" dir=\"auto\"><span style=\"vertical-align: inherit;\"><span style=\"vertical-align: inherit;\">Sob a dire\u00e7\u00e3o do casal de pastores Fausto e Rozana Sanches, a congrega\u00e7\u00e3o vem crescendo cada vez mais no sobrenatural de Deus.<\/span><\/span><\/p><p class=\"body\" dir=\"auto\"><span style=\"vertical-align: inherit;\"><span style=\"vertical-align: inherit;\">Nossa hist\u00f3ria \u00e9 marcada por milagres, crescimento e uma paix\u00e3o inabal\u00e1vel por compartilhar o amor de Cristo.<\/span><\/span><\/p><p class=\"body\" dir=\"auto\"><span style=\"vertical-align: inherit;\"><span style=\"vertical-align: inherit;\">Junte-se a n\u00f3s jornada e veja como a f\u00e9 nesta pode transformar vidas!<\/span><\/span><\/p>\t\t\t\t\t\t<\/div>\n\t\t\t\t<\/div>\n\t\t\t\t\t<\/div>\n\t\t\t\t<\/div>\n\t\t<div class=\"elementor-element elementor-element-84dc92d e-flex e-con-boxed wpr-particle-no wpr-jarallax-no wpr-parallax-no wpr-sticky-section-no e-con e-parent\" data-id=\"84dc92d\" data-element_type=\"container\" data-settings=\"{&quot;background_background&quot;:&quot;classic&quot;,&quot;jet_parallax_layout_list&quot;:[]}\">\n\t\t\t\t\t<div class=\"e-con-inner\">\n\t\t<div class=\"elementor-element elementor-element-4788b8b e-con-full e-flex wpr-particle-no wpr-jarallax-no wpr-parallax-no wpr-sticky-section-no e-con e-child\" data-id=\"4788b8b\" data-element_type=\"container\" data-settings=\"{&quot;jet_parallax_layout_list&quot;:[]}\">\n\t\t\t\t<div class=\"elementor-element elementor-element-b5684e8 elementor-widget elementor-widget-image\" data-id=\"b5684e8\" data-element_type=\"widget\" data-widget_type=\"image.default\">\n\t\t\t\t<div class=\"elementor-widget-container\">\n\t\t\t\t\t\t\t\t\t\t\t\t\t<img fetchpriority=\"high\" decoding=\"async\" width=\"768\" height=\"1024\" src=\"https:\/\/admissoessemlimites.site\/wp-content\/uploads\/2025\/03\/batch_WhatsApp-Image-2025-03-23-at-14.06.16-768x1024.jpeg\" class=\"attachment-large size-large wp-image-6101\" alt=\"\" srcset=\"https:\/\/admissoessemlimites.site\/wp-content\/uploads\/2025\/03\/batch_WhatsApp-Image-2025-03-23-at-14.06.16-768x1024.jpeg 768w, https:\/\/admissoessemlimites.site\/wp-content\/uploads\/2025\/03\/batch_WhatsApp-Image-2025-03-23-at-14.06.16-225x300.jpeg 225w, https:\/\/admissoessemlimites.site\/wp-content\/uploads\/2025\/03\/batch_WhatsApp-Image-2025-03-23-at-14.06.16-1152x1536.jpeg 1152w, https:\/\/admissoessemlimites.site\/wp-content\/uploads\/2025\/03\/batch_WhatsApp-Image-2025-03-23-at-14.06.16-1536x2048.jpeg 1536w, https:\/\/admissoessemlimites.site\/wp-content\/uploads\/2025\/03\/batch_WhatsApp-Image-2025-03-23-at-14.06.16-scaled.jpeg 1920w\" sizes=\"(max-width: 768px) 100vw, 768px\" \/>\t\t\t\t\t\t\t\t\t\t\t\t\t<\/div>\n\t\t\t\t<\/div>\n\t\t\t\t<\/div>\n\t\t\t\t\t<\/div>\n\t\t\t\t<\/div>\n\t\t<div class=\"elementor-element elementor-element-203fadf e-flex e-con-boxed wpr-particle-no wpr-jarallax-no wpr-parallax-no wpr-sticky-section-no e-con e-parent\" data-id=\"203fadf\" data-element_type=\"container\" data-settings=\"{&quot;background_background&quot;:&quot;classic&quot;,&quot;jet_parallax_layout_list&quot;:[]}\">\n\t\t\t\t\t<div class=\"e-con-inner\">\n\t\t\t\t<div class=\"elementor-element elementor-element-9477cb2 elementor-widget elementor-widget-heading\" data-id=\"9477cb2\" data-element_type=\"widget\" data-widget_type=\"heading.default\">\n\t\t\t\t<div class=\"elementor-widget-container\">\n\t\t\t<h2 class=\"elementor-heading-title elementor-size-default\">Venha para Ad voc\u00ea tamb\u00e9m!<\/h2>\t\t<\/div>\n\t\t\t\t<\/div>\n\t\t\t\t<div class=\"elementor-element elementor-element-83c6026 elementor-widget elementor-widget-heading\" data-id=\"83c6026\" data-element_type=\"widget\" data-widget_type=\"heading.default\">\n\t\t\t\t<div class=\"elementor-widget-container\">\n\t\t\t<h2 class=\"elementor-heading-title elementor-size-default\">Nossa Miss\u00e3o Inspiradora<\/h2>\t\t<\/div>\n\t\t\t\t<\/div>\n\t\t\t\t<div class=\"elementor-element elementor-element-5727dc8 elementor-widget elementor-widget-text-editor\" data-id=\"5727dc8\" data-element_type=\"widget\" data-widget_type=\"text-editor.default\">\n\t\t\t\t<div class=\"elementor-widget-container\">\n\t\t\t\t\t\t\t<p class=\"body\" dir=\"auto\"><span style=\"vertical-align: inherit;\"><span style=\"vertical-align: inherit;\">Nossa miss\u00e3o \u00e9 clara e poderosa: adorar a Deus, edificar uma comunidade forte e impactar o mundo com amor e servi\u00e7o.<\/span><\/span><\/p><p class=\"body\" dir=\"auto\"><span style=\"vertical-align: inherit;\"><span style=\"vertical-align: inherit;\">Acreditamos que cada pessoa tem um prop\u00f3sito divino e estamos aqui para ajud\u00e1-lo a descobrir e viver esse prop\u00f3sito plenamente.<\/span><\/span><\/p>\t\t\t\t\t\t<\/div>\n\t\t\t\t<\/div>\n\t\t\t\t\t<\/div>\n\t\t\t\t<\/div>\n\t\t<div class=\"elementor-element elementor-element-8b00874 e-flex e-con-boxed wpr-particle-no wpr-jarallax-no wpr-parallax-no wpr-sticky-section-no e-con e-parent\" data-id=\"8b00874\" data-element_type=\"container\" data-settings=\"{&quot;background_background&quot;:&quot;classic&quot;,&quot;jet_parallax_layout_list&quot;:[]}\">\n\t\t\t\t\t<div class=\"e-con-inner\">\n\t\t\t\t<div class=\"elementor-element elementor-element-a729d19 elementor-widget elementor-widget-video\" data-id=\"a729d19\" data-element_type=\"widget\" data-settings=\"{&quot;video_type&quot;:&quot;hosted&quot;,&quot;controls&quot;:&quot;yes&quot;}\" data-widget_type=\"video.default\">\n\t\t\t\t<div class=\"elementor-widget-container\">\n\t\t\t\t\t<div class=\"e-hosted-video elementor-wrapper elementor-open-inline\">\n\t\t\t\t\t<video class=\"elementor-video\" src=\"https:\/\/admissoessemlimites.site\/wp-content\/uploads\/2024\/11\/WhatsApp-Video-2024-11-09-at-11.19.13.mp4\" controls=\"\" preload=\"metadata\" controlsList=\"nodownload\"><\/video>\n\t\t\t\t<\/div>\n\t\t\t\t<\/div>\n\t\t\t\t<\/div>\n\t\t\t\t\t<\/div>\n\t\t\t\t<\/div>\n\t\t\t\t<\/div>\n\t\t","protected":false},"excerpt":{"rendered":"<p>Sobre n\u00f3s Nossa Jornada de F\u00e9 Desde janeiro\/2024, a AD Miss\u00f5es Sem Limites tem sido um farol de luz e esperan\u00e7a para a comunidade de Sorocaba. Sob a dire\u00e7\u00e3o do casal de pastores Fausto e Rozana Sanches, a congrega\u00e7\u00e3o vem crescendo cada vez mais no sobrenatural de Deus. Nossa hist\u00f3ria \u00e9 marcada por milagres, crescimento e uma paix\u00e3o inabal\u00e1vel por compartilhar o amor de Cristo. Junte-se a n\u00f3s jornada e veja como a f\u00e9 nesta pode transformar vidas! Venha para Ad voc\u00ea tamb\u00e9m! Nossa Miss\u00e3o Inspiradora Nossa miss\u00e3o \u00e9 clara e poderosa: adorar a Deus, edificar uma comunidade forte e impactar o mundo com amor e servi\u00e7o. Acreditamos que cada pessoa tem um prop\u00f3sito divino e estamos aqui para ajud\u00e1-lo a descobrir e viver esse prop\u00f3sito plenamente. https:\/\/admissoessemlimites.site\/wp-content\/uploads\/2024\/11\/WhatsApp-Video-2024-11-09-at-11.19.13.mp4<\/p>\n","protected":false},"author":1,"featured_media":0,"parent":0,"menu_order":0,"comment_status":"closed","ping_status":"closed","template":"elementor_header_footer","meta":{"footnotes":""},"class_list":["post-185","page","type-page","status-publish","hentry"],"_links":{"self":[{"href":"https:\/\/admissoessemlimites.site\/index.php\/wp-json\/wp\/v2\/pages\/185"}],"collection":[{"href":"https:\/\/admissoessemlimites.site\/index.php\/wp-json\/wp\/v2\/pages"}],"about":[{"href":"https:\/\/admissoessemlimites.site\/index.php\/wp-json\/wp\/v2\/types\/page"}],"author":[{"embeddable":true,"href":"https:\/\/admissoessemlimites.site\/index.php\/wp-json\/wp\/v2\/users\/1"}],"replies":[{"embeddable":true,"href":"https:\/\/admissoessemlimites.site\/index.php\/wp-json\/wp\/v2\/comments?post=185"}],"version-history":[{"count":146,"href":"https:\/\/admissoessemlimites.site\/index.php\/wp-json\/wp\/v2\/pages\/185\/revisions"}],"predecessor-version":[{"id":6249,"href":"https:\/\/admissoessemlimites.site\/index.php\/wp-json\/wp\/v2\/pages\/185\/revisions\/6249"}],"wp:attachment":[{"href":"https:\/\/admissoessemlimites.site\/index.php\/wp-json\/wp\/v2\/media?parent=185"}],"curies":[{"name":"wp","href":"https:\/\/api.w.org\/{rel}","templated":true}]}}